{"id":22,"date":"2023-03-31T23:37:49","date_gmt":"2023-04-01T02:37:49","guid":{"rendered":"https:\/\/www.rodrigoarruda.com.br\/?page_id=22"},"modified":"2023-04-02T02:16:11","modified_gmt":"2023-04-02T05:16:11","slug":"perfil","status":"publish","type":"page","link":"https:\/\/www.rodrigoarruda.com.br\/?page_id=22","title":{"rendered":"Perfil"},"content":{"rendered":"\n<div class=\"wp-block-uagb-container uagb-block-db3d61d8 alignfull uagb-is-root-container\"><div class=\"uagb-container-inner-blocks-wrap\">\n<div class=\"wp-block-uagb-info-box uagb-block-b86cc031 uagb-infobox__content-wrap  uagb-infobox-icon-above-title uagb-infobox-image-valign-top\"><div class=\"uagb-ifb-content\"><div class=\"uagb-ifb-icon-wrap\"><svg xmlns=\"https:\/\/www.w3.org\/2000\/svg\" viewBox=\"0 0 512 512\"><path d=\"M0 256C0 114.6 114.6 0 256 0C397.4 0 512 114.6 512 256C512 397.4 397.4 512 256 512C114.6 512 0 397.4 0 256zM371.8 211.8C382.7 200.9 382.7 183.1 371.8 172.2C360.9 161.3 343.1 161.3 332.2 172.2L224 280.4L179.8 236.2C168.9 225.3 151.1 225.3 140.2 236.2C129.3 247.1 129.3 264.9 140.2 275.8L204.2 339.8C215.1 350.7 232.9 350.7 243.8 339.8L371.8 211.8z\"><\/path><\/svg><\/div><div class=\"uagb-ifb-title-wrap\"><h3 class=\"uagb-ifb-title\">Sobe mim<\/h3><\/div><p class=\"uagb-ifb-desc\">Um pequeno resumo de como iniciei minha carreira, e tamb\u00e9m de algumas coisas que gosto.<\/p><\/div><\/div>\n<\/div><\/div>\n\n\n\n<div class=\"wp-block-uagb-container uagb-block-6956fb7a alignfull uagb-is-root-container\"><div class=\"uagb-container-inner-blocks-wrap\">\n<div class=\"wp-block-uagb-container uagb-block-cdea9226\">\n<div class=\"wp-block-uagb-advanced-heading uagb-block-0b5a2b3d\"><h3 class=\"uagb-heading-text\"><em>Rodrigo Arruda de Freitas<\/em><\/h3><\/div>\n\n\n\n<p>Brasileiro, pai de meninas, apaixonado por artes, m\u00fasicas, games, futebol e tudo que envolve tecnologia. Sou formado em Design Gr\u00e1fico desde 2008 e fiz P\u00f3s Gradua\u00e7\u00e3o de Master In Digital Design no instituto INFNET em 2009. <\/p>\n\n\n\n<p>Desenho desde crian\u00e7a, e soube que queria isso pra minha vida, quando ganhei aos 10 anos de idade, um concurso de desenho do jornal O Globo. Sou pr\u00f3-ativo, estou sempre em busca de atualiza\u00e7\u00f5es, aprender coisas novas. Gosto de trabahar em equipe, fazer amizades e ajudar pessoas. Sou m\u00fasico nas horas vagas e tento sempre estar em contato com meu viol\u00e3o \ud83d\ude42 .<\/p>\n<\/div>\n\n\n\n<div class=\"wp-block-uagb-container uagb-block-0af2b3cf\">\n<figure class=\"wp-block-image size-large\"><img decoding=\"async\" width=\"1024\" height=\"765\" src=\"https:\/\/www.rodrigoarruda.com.br\/wp-content\/uploads\/2023\/04\/perfil-1024x765.png\" alt=\"\" class=\"wp-image-169\" srcset=\"https:\/\/www.rodrigoarruda.com.br\/wp-content\/uploads\/2023\/04\/perfil-1024x765.png 1024w, https:\/\/www.rodrigoarruda.com.br\/wp-content\/uploads\/2023\/04\/perfil-300x224.png 300w, https:\/\/www.rodrigoarruda.com.br\/wp-content\/uploads\/2023\/04\/perfil-768x573.png 768w, https:\/\/www.rodrigoarruda.com.br\/wp-content\/uploads\/2023\/04\/perfil-1536x1147.png 1536w, https:\/\/www.rodrigoarruda.com.br\/wp-content\/uploads\/2023\/04\/perfil-2048x1529.png 2048w\" sizes=\"(max-width: 1024px) 100vw, 1024px\" \/><\/figure>\n<\/div>\n<\/div><\/div>\n","protected":false},"excerpt":{"rendered":"<p>Rodrigo Arruda de Freitas Brasileiro, pai de meninas, apaixonado por artes, m\u00fasicas, games, futebol e tudo que envolve tecnologia. Sou formado em Design Gr\u00e1fico desde 2008 e fiz P\u00f3s Gradua\u00e7\u00e3o de Master In Digital Design no instituto INFNET em 2009. Desenho desde crian\u00e7a, e soube que queria isso pra minha vida, quando ganhei aos 10 &hellip;<\/p>\n<p class=\"read-more\"> <a class=\"\" href=\"https:\/\/www.rodrigoarruda.com.br\/?page_id=22\"> <span class=\"screen-reader-text\">Perfil<\/span> Leia mais &raquo;<\/a><\/p>\n","protected":false},"author":1,"featured_media":0,"parent":0,"menu_order":0,"comment_status":"closed","ping_status":"closed","template":"","meta":{"_uag_custom_page_level_css":"","site-sidebar-layout":"default","site-content-layout":"default","ast-global-header-display":"","ast-main-header-display":"","ast-hfb-above-header-display":"","ast-hfb-below-header-display":"","ast-hfb-mobile-header-display":"","site-post-title":"disabled","ast-breadcrumbs-content":"","ast-featured-img":"","footer-sml-layout":"","theme-transparent-header-meta":"","adv-header-id-meta":"","stick-header-meta":"","header-above-stick-meta":"","header-main-stick-meta":"","header-below-stick-meta":"","footnotes":""},"class_list":["post-22","page","type-page","status-publish","hentry"],"uagb_featured_image_src":{"full":false,"thumbnail":false,"medium":false,"medium_large":false,"large":false,"1536x1536":false,"2048x2048":false},"uagb_author_info":{"display_name":"adm-arruda","author_link":"https:\/\/www.rodrigoarruda.com.br\/?author=1"},"uagb_comment_info":0,"uagb_excerpt":"Rodrigo Arruda de Freitas Brasileiro, pai de meninas, apaixonado por artes, m\u00fasicas, games, futebol e tudo que envolve tecnologia. Sou formado em Design Gr\u00e1fico desde 2008 e fiz P\u00f3s Gradua\u00e7\u00e3o de Master In Digital Design no instituto INFNET em 2009. Desenho desde crian\u00e7a, e soube que queria isso pra minha vida, quando ganhei aos 10&hellip;","_links":{"self":[{"href":"https:\/\/www.rodrigoarruda.com.br\/index.php?rest_route=\/wp\/v2\/pages\/22"}],"collection":[{"href":"https:\/\/www.rodrigoarruda.com.br\/index.php?rest_route=\/wp\/v2\/pages"}],"about":[{"href":"https:\/\/www.rodrigoarruda.com.br\/index.php?rest_route=\/wp\/v2\/types\/page"}],"author":[{"embeddable":true,"href":"https:\/\/www.rodrigoarruda.com.br\/index.php?rest_route=\/wp\/v2\/users\/1"}],"replies":[{"embeddable":true,"href":"https:\/\/www.rodrigoarruda.com.br\/index.php?rest_route=%2Fwp%2Fv2%2Fcomments&post=22"}],"version-history":[{"count":13,"href":"https:\/\/www.rodrigoarruda.com.br\/index.php?rest_route=\/wp\/v2\/pages\/22\/revisions"}],"predecessor-version":[{"id":242,"href":"https:\/\/www.rodrigoarruda.com.br\/index.php?rest_route=\/wp\/v2\/pages\/22\/revisions\/242"}],"wp:attachment":[{"href":"https:\/\/www.rodrigoarruda.com.br\/index.php?rest_route=%2Fwp%2Fv2%2Fmedia&parent=22"}],"curies":[{"name":"wp","href":"https:\/\/api.w.org\/{rel}","templated":true}]}}