{"id":416,"date":"2023-04-02T17:54:11","date_gmt":"2023-04-02T20:54:11","guid":{"rendered":"https:\/\/www.rodrigoarruda.com.br\/?page_id=416"},"modified":"2023-04-02T23:14:04","modified_gmt":"2023-04-03T02:14:04","slug":"portfolio-rodrigo-arruda-de-freitas-designer-digital-ilustrador-2","status":"publish","type":"page","link":"https:\/\/www.rodrigoarruda.com.br\/?page_id=416","title":{"rendered":"Portf\u00f3lio"},"content":{"rendered":"\n<div class=\"wp-block-uagb-container uagb-block-11e96abc alignfull uagb-is-root-container\"><div class=\"uagb-container-inner-blocks-wrap\">\n<div class=\"wp-block-uagb-info-box uagb-block-624fcd2d uagb-infobox__content-wrap  uagb-infobox-icon-above-title uagb-infobox-image-valign-top\"><div class=\"uagb-ifb-content\"><div class=\"uagb-ifb-icon-wrap\"><svg xmlns=\"https:\/\/www.w3.org\/2000\/svg\" viewBox=\"0 0 512 512\"><path d=\"M0 256C0 114.6 114.6 0 256 0C397.4 0 512 114.6 512 256C512 397.4 397.4 512 256 512C114.6 512 0 397.4 0 256zM371.8 211.8C382.7 200.9 382.7 183.1 371.8 172.2C360.9 161.3 343.1 161.3 332.2 172.2L224 280.4L179.8 236.2C168.9 225.3 151.1 225.3 140.2 236.2C129.3 247.1 129.3 264.9 140.2 275.8L204.2 339.8C215.1 350.7 232.9 350.7 243.8 339.8L371.8 211.8z\"><\/path><\/svg><\/div><div class=\"uagb-ifb-title-wrap\"><h3 class=\"uagb-ifb-title\">Projetos<\/h3><\/div><p class=\"uagb-ifb-desc\">Um pouco dos meus trabalhos<\/p><\/div><\/div>\n<\/div><\/div>\n\n\n\n<div class=\"wp-block-uagb-container uagb-block-1848f645 alignfull uagb-is-root-container\">\n<div class=\"wp-block-uagb-container uagb-block-a9a3c9bf\">\n<div class=\"wp-block-columns is-layout-flex wp-container-core-columns-is-layout-2 wp-block-columns-is-layout-flex\">\n<div class=\"wp-block-column is-layout-flow wp-block-column-is-layout-flow\">\n<div class=\"wp-block-columns is-layout-flex wp-container-core-columns-is-layout-1 wp-block-columns-is-layout-flex\">\n<div class=\"wp-block-column is-layout-flow wp-block-column-is-layout-flow\">\n<figure class=\"wp-block-image size-large\"><a href=\"\/?page_id=248\"><img decoding=\"async\" width=\"1024\" height=\"480\" src=\"https:\/\/www.rodrigoarruda.com.br\/wp-content\/uploads\/2023\/04\/nerd-frog-1024x480.jpg\" alt=\"\" class=\"wp-image-110\" srcset=\"https:\/\/www.rodrigoarruda.com.br\/wp-content\/uploads\/2023\/04\/nerd-frog-1024x480.jpg 1024w, https:\/\/www.rodrigoarruda.com.br\/wp-content\/uploads\/2023\/04\/nerd-frog-300x141.jpg 300w, https:\/\/www.rodrigoarruda.com.br\/wp-content\/uploads\/2023\/04\/nerd-frog-768x360.jpg 768w, https:\/\/www.rodrigoarruda.com.br\/wp-content\/uploads\/2023\/04\/nerd-frog.jpg 1280w\" sizes=\"(max-width: 1024px) 100vw, 1024px\" \/><\/a><\/figure>\n\n\n\n<h4 class=\"wp-block-heading has-text-align-center\">Ilustra\u00e7\u00f5es<\/h4>\n<\/div>\n\n\n\n<div class=\"wp-block-column is-layout-flow wp-block-column-is-layout-flow\">\n<figure class=\"wp-block-image size-large\"><a href=\"\/?page_id=345\"><img decoding=\"async\" width=\"1024\" height=\"480\" src=\"https:\/\/www.rodrigoarruda.com.br\/wp-content\/uploads\/2023\/04\/logotipos-1024x480.jpg\" alt=\"\" class=\"wp-image-111\" srcset=\"https:\/\/www.rodrigoarruda.com.br\/wp-content\/uploads\/2023\/04\/logotipos-1024x480.jpg 1024w, https:\/\/www.rodrigoarruda.com.br\/wp-content\/uploads\/2023\/04\/logotipos-300x141.jpg 300w, https:\/\/www.rodrigoarruda.com.br\/wp-content\/uploads\/2023\/04\/logotipos-768x360.jpg 768w, https:\/\/www.rodrigoarruda.com.br\/wp-content\/uploads\/2023\/04\/logotipos.jpg 1280w\" sizes=\"(max-width: 1024px) 100vw, 1024px\" \/><\/a><\/figure>\n\n\n\n<h4 class=\"wp-block-heading has-text-align-center\">Logotipos<\/h4>\n<\/div>\n\n\n\n<div class=\"wp-block-column is-layout-flow wp-block-column-is-layout-flow\">\n<figure class=\"wp-block-image size-large\"><a href=\"?page_id=362\"><img decoding=\"async\" width=\"1024\" height=\"480\" src=\"https:\/\/www.rodrigoarruda.com.br\/wp-content\/uploads\/2023\/04\/midias-sociais-1024x480.jpg\" alt=\"\" class=\"wp-image-112\" srcset=\"https:\/\/www.rodrigoarruda.com.br\/wp-content\/uploads\/2023\/04\/midias-sociais-1024x480.jpg 1024w, https:\/\/www.rodrigoarruda.com.br\/wp-content\/uploads\/2023\/04\/midias-sociais-300x141.jpg 300w, https:\/\/www.rodrigoarruda.com.br\/wp-content\/uploads\/2023\/04\/midias-sociais-768x360.jpg 768w, https:\/\/www.rodrigoarruda.com.br\/wp-content\/uploads\/2023\/04\/midias-sociais.jpg 1280w\" sizes=\"(max-width: 1024px) 100vw, 1024px\" \/><\/a><\/figure>\n\n\n\n<h4 class=\"wp-block-heading has-text-align-center\">M\u00eddias Sociais<\/h4>\n<\/div>\n<\/div>\n<\/div>\n<\/div>\n\n\n\n<div class=\"wp-block-uagb-container uagb-block-4a38e79f\">\n<div class=\"wp-block-columns is-layout-flex wp-container-core-columns-is-layout-3 wp-block-columns-is-layout-flex\">\n<div class=\"wp-block-column is-layout-flow wp-block-column-is-layout-flow\">\n<figure class=\"wp-block-image size-large\"><a href=\"\/?page_id=370\"><img decoding=\"async\" width=\"1024\" height=\"480\" src=\"https:\/\/www.rodrigoarruda.com.br\/wp-content\/uploads\/2023\/04\/game-1-1024x480.jpg\" alt=\"\" class=\"wp-image-120\" srcset=\"https:\/\/www.rodrigoarruda.com.br\/wp-content\/uploads\/2023\/04\/game-1-1024x480.jpg 1024w, https:\/\/www.rodrigoarruda.com.br\/wp-content\/uploads\/2023\/04\/game-1-300x141.jpg 300w, https:\/\/www.rodrigoarruda.com.br\/wp-content\/uploads\/2023\/04\/game-1-768x360.jpg 768w, https:\/\/www.rodrigoarruda.com.br\/wp-content\/uploads\/2023\/04\/game-1.jpg 1280w\" sizes=\"(max-width: 1024px) 100vw, 1024px\" \/><\/a><\/figure>\n\n\n\n<h4 class=\"wp-block-heading has-text-align-center\">App &amp; Game<\/h4>\n<\/div>\n\n\n\n<div class=\"wp-block-column is-layout-flow wp-block-column-is-layout-flow\">\n<figure class=\"wp-block-image size-large\"><a href=\"\/?page_id=407\"><img decoding=\"async\" width=\"1024\" height=\"480\" src=\"https:\/\/www.rodrigoarruda.com.br\/wp-content\/uploads\/2023\/04\/cartilha-1024x480.jpg\" alt=\"\" class=\"wp-image-116\" srcset=\"https:\/\/www.rodrigoarruda.com.br\/wp-content\/uploads\/2023\/04\/cartilha-1024x480.jpg 1024w, https:\/\/www.rodrigoarruda.com.br\/wp-content\/uploads\/2023\/04\/cartilha-300x141.jpg 300w, https:\/\/www.rodrigoarruda.com.br\/wp-content\/uploads\/2023\/04\/cartilha-768x360.jpg 768w, https:\/\/www.rodrigoarruda.com.br\/wp-content\/uploads\/2023\/04\/cartilha.jpg 1280w\" sizes=\"(max-width: 1024px) 100vw, 1024px\" \/><\/a><\/figure>\n\n\n\n<h4 class=\"wp-block-heading has-text-align-center\">Impressos<\/h4>\n<\/div>\n\n\n\n<div class=\"wp-block-column is-layout-flow wp-block-column-is-layout-flow\">\n<figure class=\"wp-block-image size-large\"><a href=\"\/?page_id=399\"><img decoding=\"async\" width=\"1024\" height=\"480\" src=\"https:\/\/www.rodrigoarruda.com.br\/wp-content\/uploads\/2023\/04\/web-1024x480.jpg\" alt=\"\" class=\"wp-image-124\" srcset=\"https:\/\/www.rodrigoarruda.com.br\/wp-content\/uploads\/2023\/04\/web-1024x480.jpg 1024w, https:\/\/www.rodrigoarruda.com.br\/wp-content\/uploads\/2023\/04\/web-300x141.jpg 300w, https:\/\/www.rodrigoarruda.com.br\/wp-content\/uploads\/2023\/04\/web-768x360.jpg 768w, https:\/\/www.rodrigoarruda.com.br\/wp-content\/uploads\/2023\/04\/web.jpg 1280w\" sizes=\"(max-width: 1024px) 100vw, 1024px\" \/><\/a><\/figure>\n\n\n\n<h4 class=\"wp-block-heading has-text-align-center\">Web<\/h4>\n<\/div>\n<\/div>\n<\/div>\n<\/div>\n<\/div>\n\n\n\n<p><\/p>\n","protected":false},"excerpt":{"rendered":"<p>Ilustra\u00e7\u00f5es Logotipos M\u00eddias Sociais App &amp; Game Impressos Web<\/p>\n","protected":false},"author":1,"featured_media":0,"parent":0,"menu_order":0,"comment_status":"closed","ping_status":"closed","template":"","meta":{"_uag_custom_page_level_css":"","site-sidebar-layout":"default","site-content-layout":"default","ast-global-header-display":"","ast-main-header-display":"","ast-hfb-above-header-display":"","ast-hfb-below-header-display":"","ast-hfb-mobile-header-display":"","site-post-title":"disabled","ast-breadcrumbs-content":"","ast-featured-img":"","footer-sml-layout":"","theme-transparent-header-meta":"","adv-header-id-meta":"","stick-header-meta":"","header-above-stick-meta":"","header-main-stick-meta":"","header-below-stick-meta":"","footnotes":""},"class_list":["post-416","page","type-page","status-publish","hentry"],"uagb_featured_image_src":{"full":false,"thumbnail":false,"medium":false,"medium_large":false,"large":false,"1536x1536":false,"2048x2048":false},"uagb_author_info":{"display_name":"adm-arruda","author_link":"https:\/\/www.rodrigoarruda.com.br\/?author=1"},"uagb_comment_info":0,"uagb_excerpt":"Ilustra\u00e7\u00f5es Logotipos M\u00eddias Sociais App &amp; Game Impressos Web","_links":{"self":[{"href":"https:\/\/www.rodrigoarruda.com.br\/index.php?rest_route=\/wp\/v2\/pages\/416"}],"collection":[{"href":"https:\/\/www.rodrigoarruda.com.br\/index.php?rest_route=\/wp\/v2\/pages"}],"about":[{"href":"https:\/\/www.rodrigoarruda.com.br\/index.php?rest_route=\/wp\/v2\/types\/page"}],"author":[{"embeddable":true,"href":"https:\/\/www.rodrigoarruda.com.br\/index.php?rest_route=\/wp\/v2\/users\/1"}],"replies":[{"embeddable":true,"href":"https:\/\/www.rodrigoarruda.com.br\/index.php?rest_route=%2Fwp%2Fv2%2Fcomments&post=416"}],"version-history":[{"count":3,"href":"https:\/\/www.rodrigoarruda.com.br\/index.php?rest_route=\/wp\/v2\/pages\/416\/revisions"}],"predecessor-version":[{"id":446,"href":"https:\/\/www.rodrigoarruda.com.br\/index.php?rest_route=\/wp\/v2\/pages\/416\/revisions\/446"}],"wp:attachment":[{"href":"https:\/\/www.rodrigoarruda.com.br\/index.php?rest_route=%2Fwp%2Fv2%2Fmedia&parent=416"}],"curies":[{"name":"wp","href":"https:\/\/api.w.org\/{rel}","templated":true}]}}